{"id":5297,"date":"2020-10-07T19:29:19","date_gmt":"2020-10-07T17:29:19","guid":{"rendered":"https:\/\/www.geriges.com\/seguridad\/"},"modified":"2020-11-06T10:19:54","modified_gmt":"2020-11-06T09:19:54","slug":"seguridad","status":"publish","type":"page","link":"https:\/\/www.geriges.com\/ec\/seguridad\/","title":{"rendered":"Seguridad"},"content":{"rendered":"<p><div class=\"fusion-fullwidth fullwidth-box fusion-builder-row-1 nonhundred-percent-fullwidth non-hundred-percent-height-scrolling\" style=\"--awb-border-sizes-top:0px;--awb-border-sizes-bottom:0px;--awb-border-sizes-left:0px;--awb-border-sizes-right:0px;--awb-border-radius-top-left:0px;--awb-border-radius-top-right:0px;--awb-border-radius-bottom-right:0px;--awb-border-radius-bottom-left:0px;--awb-flex-wrap:wrap;\" ><div class=\"fusion-builder-row fusion-row\"><div class=\"fusion-layout-column fusion_builder_column fusion-builder-column-0 fusion_builder_column_1_1 1_1 fusion-one-full fusion-column-first fusion-column-last\" style=\"--awb-bg-size:cover;\"><div class=\"fusion-column-wrapper fusion-flex-column-wrapper-legacy\"><div class=\"fusion-title title fusion-title-1 fusion-sep-none fusion-title-center fusion-title-text fusion-title-size-one\"><h1 class=\"fusion-title-heading title-heading-center fusion-responsive-typography-calculated\" style=\"margin:0;--fontSize:46;line-height:1.11;\"><h1 style=\"text-align: center;\"><span style=\"color: #6ca634;\">Razones para confiar en Geriges<sup>\u00ae<\/sup><\/span><\/h1><\/h1><\/div><div class=\"fusion-sep-clear\"><\/div><div class=\"fusion-separator fusion-full-width-sep\" style=\"margin-left: auto;margin-right: auto;margin-top:10px;margin-bottom:10px;width:100%;\"><\/div><div class=\"fusion-sep-clear\"><\/div><div class=\"fusion-text fusion-text-1\"><p>Encuestas realizadas en los \u00faltimos tiempos han preguntado acerca del uso de aplicaciones \u00aben la nube\u00bb a multitud de peque\u00f1as, medianas y grandes empresas. Todos consideran el modelo como un gran aporte de valor y de rentabilidad a su actividad pero estas son las principales preocupaciones que manifiestan ante el trabajo con aplicaciones en \u201cla nube\u201d&#8230;.<br \/>\nEl activo de su residencia o centro de d\u00eda es la informaci\u00f3n que maneja \u00bfpuede usted confiarla a <strong>Geriges<sup>\u00ae<\/sup><\/strong>?. Hay dos puntos de vista para esta cuesti\u00f3n. Por una parte est\u00e1n los aspectos formales que pueden suponer una fuga de informaci\u00f3n, m\u00e1xime cuando se trata de datos especialmente sensibles. Por otra parte est\u00e1n los aspectos tecnol\u00f3gicos.<\/p>\n<\/div><div class=\"fusion-text fusion-text-2\"><p><strong>Confidencialidad y seguridad de los datos: los usuarios<\/strong><\/p>\n<p>El usuario es el eslab\u00f3n m\u00e1s d\u00e9bil en lo que se refiere al acceso a informaci\u00f3n en la nube. Es por eso por lo que cuando el sistema de gesti\u00f3n que utilizamos no es el adecuado, se producen riesgos relacionados con la falta de control a la hora de compartir la informaci\u00f3n. Geriges<sup>\u00ae<\/sup> es un software en la nube que te permite mantener el control absoluto sobre los usuarios con los que se comparte la informaci\u00f3n de la residencia.<\/p>\n<p>Los problemas de confidencialidad de las personas que trabajan en la empresa pueden suponer algo a analizar, independientemente de las herramientas inform\u00e1ticas que se usen para gestionar adecuadamente la informaci\u00f3n. Geriges<sup>\u00ae<\/sup> aborda el tema controlando mediante claves de usuario y contrase\u00f1as quienes acceden a la plataforma y cu\u00e1ndo lo hacen. Adicionalmente se lleva un registro interno, accesible \u00fanicamente por usuarios con perfil \u201dadministrador\u201d en el que se registran las actividades que realizan cada uno de los usuarios en cada momento. Sin embargo, simplemente un error humano en el uso de los ordenadores conectados a Internet puede provocar un grave problema. Por ejemplo, descargarse un programa que lleva malware y que acabe infectando el ordenador y los datos. Aunque creas que a ti no te puede pasar, cuantos m\u00e1s empleados y menos control haya en el uso de la inform\u00e1tica, m\u00e1s riesgos est\u00e1s corriendo.<\/p>\n<\/div><div class=\"fusion-image-element in-legacy-container\" style=\"--awb-margin-top:1%;--awb-margin-bottom:1%;--awb-caption-title-font-family:var(--h2_typography-font-family);--awb-caption-title-font-weight:var(--h2_typography-font-weight);--awb-caption-title-font-style:var(--h2_typography-font-style);--awb-caption-title-size:var(--h2_typography-font-size);--awb-caption-title-transform:var(--h2_typography-text-transform);--awb-caption-title-line-height:var(--h2_typography-line-height);--awb-caption-title-letter-spacing:var(--h2_typography-letter-spacing);\"><span class=\" fusion-imageframe imageframe-none imageframe-1 hover-type-none\"><img decoding=\"async\" width=\"800\" height=\"400\" title=\"centros-de-datos-seguridad-informatica\" src=\"https:\/\/www.geriges.com\/wp-content\/uploads\/2020\/10\/centros-de-datos-seguridad-informatica.jpg\" alt class=\"img-responsive wp-image-5281\" srcset=\"https:\/\/www.geriges.com\/wp-content\/uploads\/2020\/10\/centros-de-datos-seguridad-informatica-200x100.jpg 200w, https:\/\/www.geriges.com\/wp-content\/uploads\/2020\/10\/centros-de-datos-seguridad-informatica-400x200.jpg 400w, https:\/\/www.geriges.com\/wp-content\/uploads\/2020\/10\/centros-de-datos-seguridad-informatica-600x300.jpg 600w, https:\/\/www.geriges.com\/wp-content\/uploads\/2020\/10\/centros-de-datos-seguridad-informatica.jpg 800w\" sizes=\"(max-width: 1089px) 100vw, 800px\" \/><\/span><\/div><div class=\"fusion-text fusion-text-3\"><p><strong>Confidencialidad y seguridad de los datos: la tecnolog\u00eda<\/strong><br \/>\nSupongamos que tienes una serie de equipos inform\u00e1ticos en tu residencia conectados a Internet. Los empleados trabajan en esos ordenadores. A lo mejor incluso tienes una red inform\u00e1tica, que te permite compartir archivos entre ordenadores, con lo que a nivel operativo no tienes problemas para enviar y recibir informaci\u00f3n. Ahora bien, si est\u00e1s almacenando los datos en tus propios discos duros, corres una serie de riesgos que pueden afectar a la privacidad e integridad de la informaci\u00f3n. Muchos empresarios ignoran que sus propios equipos inform\u00e1ticos y discos duros pueden ser una bomba de relojer\u00eda para la seguridad.<br \/>\nCon toda la informaci\u00f3n guardada en un \u00fanico lugar, el riesgo es mucho mayor que cuando se reparte entre m\u00faltiples servidores en un centro de datos. Por ejemplo, si hay un incendio en la oficina y se queman los ordenadores, como toda la informaci\u00f3n est\u00e1 guardada en un \u00fanico lugar, se pierde.<br \/>\nLa seguridad de tus datos depende de los sistemas de seguridad que implementes en tus ordenadores y de la responsabilidad de los usuarios. Un fallo de seguridad en un ordenador y ya tienes un grave problema montado.<br \/>\nLa seguridad informaci\u00f3n que guardas en la nube, por tanto, depende de los servidores en los que \u00e9sta se localiza. Y esos servidores, localizados en data center, cumplen con los est\u00e1ndares de seguridad que deben tener este tipo de espacios, desde las amenazas f\u00edsicas (como desastres naturales, incendios, terremotos\u2026), problemas locales (como fugas de agua, fallos el\u00e9ctricos\u2026), como amenazas virtuales (malware, ataques inform\u00e1ticos, etc.).<br \/>\nNo hay raz\u00f3n seria para pensar que los equipos inform\u00e1ticos de una empresa de tama\u00f1o medio pueden tener un mayor nivel de seguridad que potentes centros de datos llenos de servidores, que siguen unos est\u00e1ndares legales y est\u00e1n especialmente pensados para que la informaci\u00f3n no se pierda. Parece obvio que si se garantiza la confidencialidad de los accesos, desde el punto de vista de la seguridad de la informaci\u00f3n, un datacenter gestionado por profesionales es m\u00e1s seguro que una infraestructura local de servicio (intranet) d\u00f3nde el rigor a la hora de aplicar pol\u00edticas normalizadas de gesti\u00f3n de la seguridad de la informaci\u00f3n puede ser m\u00e1s dif\u00edcil.<br \/>\nEn definitiva, no hay motivos para pensar que la nube es menos segura que el sitio donde est\u00e1s almacenando la informaci\u00f3n de tu negocio actualmente. Un ordenador normal y corriente conectado a Internet ya implica algunos riesgos, con lo que imag\u00ednate si no est\u00e1s tomando medidas de seguridad eficaces para proteger tus datos.<br \/>\nPor otra parte las comunicaciones entre los equipos del cliente y el datacenter que aloja los servicios de <strong>Geriges<sup>\u00ae<\/sup><\/strong> son encriptadas a trav\u00e9s de protocolo seguro de comunicaciones (https:\/\/). De hecho no hay ninguna diferencia tecnol\u00f3gica entre usar <a href=\"https:\/\/www.geriges.com\/ec\/\">geriges.com<\/a> y usar la plataforma de operaciones a trav\u00e9s de internet de su propio banco.<\/p>\n<p>A este respecto le recomendamos encarecidamente que lea la <a href=\"https:\/\/www.geriges.com\/privacidad\/\" target=\"_blank\" rel=\"noopener noreferrer\">Pol\u00edtica de Privacidad<\/a>, los <a href=\"https:\/\/www.geriges.com\/terminos\/\" target=\"_blank\" rel=\"noopener noreferrer\">T\u00e9rminos de Uso<\/a> y el <a href=\"https:\/\/www.geriges.com\/ec\/aviso-legal\/\" rel=\"noopener noreferrer\">Aviso Legal<\/a> de <strong>Geriges<sup>\u00ae<\/sup><\/strong>.<\/p>\n<\/div><div class=\"fusion-image-element in-legacy-container\" style=\"--awb-margin-top:1%;--awb-margin-bottom:1%;--awb-caption-title-font-family:var(--h2_typography-font-family);--awb-caption-title-font-weight:var(--h2_typography-font-weight);--awb-caption-title-font-style:var(--h2_typography-font-style);--awb-caption-title-size:var(--h2_typography-font-size);--awb-caption-title-transform:var(--h2_typography-text-transform);--awb-caption-title-line-height:var(--h2_typography-line-height);--awb-caption-title-letter-spacing:var(--h2_typography-letter-spacing);\"><span class=\" fusion-imageframe imageframe-none imageframe-2 hover-type-none\"><img decoding=\"async\" width=\"800\" height=\"400\" title=\"hombre-de-negocios-nube\" src=\"https:\/\/www.geriges.com\/wp-content\/uploads\/2020\/10\/hombre-de-negocios-nube.jpg\" alt class=\"img-responsive wp-image-5276\" srcset=\"https:\/\/www.geriges.com\/wp-content\/uploads\/2020\/10\/hombre-de-negocios-nube-200x100.jpg 200w, https:\/\/www.geriges.com\/wp-content\/uploads\/2020\/10\/hombre-de-negocios-nube-400x200.jpg 400w, https:\/\/www.geriges.com\/wp-content\/uploads\/2020\/10\/hombre-de-negocios-nube-600x300.jpg 600w, https:\/\/www.geriges.com\/wp-content\/uploads\/2020\/10\/hombre-de-negocios-nube.jpg 800w\" sizes=\"(max-width: 1089px) 100vw, 800px\" \/><\/span><\/div><div class=\"fusion-text fusion-text-4\"><p><strong>P\u00e9rdida de control.<\/strong> Siempre cuesta confiar en un tercero, sobre todo como en este caso en el que ni siquiera sabemos d\u00f3nde est\u00e1n las instalaciones sobre las que se ejecutan nuestras aplicaciones.<br \/>\nNosotros tenemos claro que la actividad y el futuro de nuestra empresa dependen de los proveedores de servicio de Datacenter que contratemos, por lo que exigimos a nuestros proveedores un acuerdo de nivel de servicio (SLA) acorde a las necesidades de nuestros clientes y a la naturaleza del servicio que prestamos. No tenemos garant\u00eda absoluta, pero debemos confiar en que nuestro proveedor abrir\u00e1 todos los d\u00edas las puertas virtuales de nuestro negocio. Por supuesto intentamos trasladar esa confianza tambi\u00e9n a usted.<\/p>\n<p><strong>Disponibilidad del servicio.<\/strong> Nuestros acuerdos suponen un m\u00ednimo exigible de disponibilidad del servicio. No obstante, si existen causas imputables a nosotros o a la plataforma de Datacenter que puedan suponer perjuicio a los intereses de nuestros clientes tenemos previsto un acuerdo limitado de resarcimiento. Vea, por favor, los <a href=\"https:\/\/www.geriges.com\/terminos\/\" target=\"_blank\" rel=\"noopener noreferrer\">T\u00e9rminos de Uso<\/a> de <strong>Geriges<sup>\u00ae<\/sup><\/strong>.<\/p>\n<\/div><div class=\"fusion-clearfix\"><\/div><\/div><\/div><\/div><\/div><div class=\"fusion-fullwidth fullwidth-box fusion-builder-row-2 fusion-flex-container nonhundred-percent-fullwidth non-hundred-percent-height-scrolling\" style=\"--awb-border-radius-top-left:0px;--awb-border-radius-top-right:0px;--awb-border-radius-bottom-right:0px;--awb-border-radius-bottom-left:0px;--awb-flex-wrap:wrap;\" ><div class=\"fusion-builder-row fusion-row fusion-flex-align-items-flex-start fusion-flex-content-wrap\" style=\"max-width:1216.8px;margin-left: calc(-4% \/ 2 );margin-right: calc(-4% \/ 2 );\"><div class=\"fusion-layout-column fusion_builder_column fusion-builder-column-1 fusion_builder_column_1_1 1_1 fusion-flex-column\" style=\"--awb-bg-size:cover;--awb-width-large:100%;--awb-margin-top-large:0px;--awb-spacing-right-large:1.92%;--awb-margin-bottom-large:20px;--awb-spacing-left-large:1.92%;--awb-width-medium:100%;--awb-order-medium:0;--awb-spacing-right-medium:1.92%;--awb-spacing-left-medium:1.92%;--awb-width-small:100%;--awb-order-small:0;--awb-spacing-right-small:1.92%;--awb-spacing-left-small:1.92%;\"><div class=\"fusion-column-wrapper fusion-column-has-shadow fusion-flex-justify-content-flex-start fusion-content-layout-column\"><div class=\"fusion-title title fusion-title-2 fusion-sep-none fusion-title-center fusion-title-text fusion-title-size-six\" style=\"--awb-text-color:#72a73c;\"><h6 class=\"fusion-title-heading title-heading-center fusion-responsive-typography-calculated\" style=\"margin:0;--fontSize:46;line-height:1.11;\">Ventajas del uso de aplicaciones en la nube, como Geriges<sup>\u00ae<\/sup><\/h6><\/div><ul style=\"--awb-iconcolor:#72a73c;--awb-line-height:27.2px;--awb-icon-width:27.2px;--awb-icon-height:27.2px;--awb-icon-margin:11.2px;--awb-content-margin:38.4px;\" class=\"fusion-checklist fusion-checklist-1 fusion-checklist-default type-icons\"><li class=\"fusion-li-item\" style=\"\"><span class=\"icon-wrapper circle-no\"><i class=\"fusion-li-icon awb-icon-check\" aria-hidden=\"true\"><\/i><\/span><div class=\"fusion-li-item-content\">\n<p><strong>Ahorro\u00a0<\/strong>de recursos en infraestructuras y ahorro econ\u00f3mico<\/p>\n<\/div><\/li><li class=\"fusion-li-item\" style=\"\"><span class=\"icon-wrapper circle-no\"><i class=\"fusion-li-icon awb-icon-check\" aria-hidden=\"true\"><\/i><\/span><div class=\"fusion-li-item-content\">\n<p>Estructura multiusuarios, directorios compartidos\u00a0<strong>con diferentes niveles de permisos de acceso<\/strong><\/p>\n<\/div><\/li><li class=\"fusion-li-item\" style=\"\"><span class=\"icon-wrapper circle-no\"><i class=\"fusion-li-icon awb-icon-check\" aria-hidden=\"true\"><\/i><\/span><div class=\"fusion-li-item-content\">\n<p><strong>Trabajo colaborativo<\/strong>\u00a0con conocimiento de qui\u00e9n, cuando y que<\/p>\n<\/div><\/li><li class=\"fusion-li-item\" style=\"\"><span class=\"icon-wrapper circle-no\"><i class=\"fusion-li-icon awb-icon-check\" aria-hidden=\"true\"><\/i><\/span><div class=\"fusion-li-item-content\">\n<p><strong>Est\u00e1ndares de seguridad mucho m\u00e1s altos en el entorno del proveedor\u00a0<\/strong>de este servicio que en nuestra propia empresa<\/p>\n<\/div><\/li><li class=\"fusion-li-item\" style=\"\"><span class=\"icon-wrapper circle-no\"><i class=\"fusion-li-icon awb-icon-check\" aria-hidden=\"true\"><\/i><\/span><div class=\"fusion-li-item-content\">\n<p>Posiblemente el proveedor de la Nube tenga\u00a0<strong>mejores recursos f\u00edsicos y financieros que nosotros para contrarrestar las amenazas a la seguridad<\/strong>\u00a0<strong>de los datos<\/strong> a las que se enfrenta nuestra infraestructura<\/p>\n<\/div><\/li><li class=\"fusion-li-item\" style=\"\"><span class=\"icon-wrapper circle-no\"><i class=\"fusion-li-icon awb-icon-check\" aria-hidden=\"true\"><\/i><\/span><div class=\"fusion-li-item-content\">\n<p><strong>Datos disponibles y custodiados\u00a0<\/strong>las 24 horas del d\u00eda, los 365 d\u00edas del a\u00f1o<\/p>\n<\/div><\/li><\/ul><\/div><\/div><\/div><\/div><\/p>\n","protected":false},"excerpt":{"rendered":"","protected":false},"author":3479,"featured_media":0,"parent":0,"menu_order":0,"comment_status":"closed","ping_status":"closed","template":"","meta":{"footnotes":""},"class_list":["post-5297","page","type-page","status-publish","hentry"],"yoast_head":"<!-- This site is optimized with the Yoast SEO plugin v27.5 - https:\/\/yoast.com\/product\/yoast-seo-wordpress\/ -->\n<title>Seguridad - GERIGES.COM<\/title>\n<meta name=\"robots\" content=\"index, follow, max-snippet:-1, max-image-preview:large, max-video-preview:-1\" \/>\n<link rel=\"canonical\" href=\"https:\/\/www.geriges.com\/ec\/seguridad\/\" \/>\n<meta property=\"og:locale\" content=\"es_ES\" \/>\n<meta property=\"og:type\" content=\"article\" \/>\n<meta property=\"og:title\" content=\"Seguridad - GERIGES.COM\" \/>\n<meta property=\"og:url\" content=\"https:\/\/www.geriges.com\/ec\/seguridad\/\" \/>\n<meta property=\"og:site_name\" content=\"GERIGES.COM\" \/>\n<meta property=\"article:modified_time\" content=\"2020-11-06T09:19:54+00:00\" \/>\n<meta name=\"twitter:card\" content=\"summary_large_image\" \/>\n<meta name=\"twitter:label1\" content=\"Tiempo de lectura\" \/>\n\t<meta name=\"twitter:data1\" content=\"14 minutos\" \/>\n<script type=\"application\/ld+json\" class=\"yoast-schema-graph\">{\"@context\":\"https:\\\/\\\/schema.org\",\"@graph\":[{\"@type\":\"WebPage\",\"@id\":\"https:\\\/\\\/www.geriges.com\\\/ec\\\/seguridad\\\/\",\"url\":\"https:\\\/\\\/www.geriges.com\\\/ec\\\/seguridad\\\/\",\"name\":\"Seguridad - GERIGES.COM\",\"isPartOf\":{\"@id\":\"https:\\\/\\\/www.geriges.com\\\/ec\\\/#website\"},\"datePublished\":\"2020-10-07T17:29:19+00:00\",\"dateModified\":\"2020-11-06T09:19:54+00:00\",\"breadcrumb\":{\"@id\":\"https:\\\/\\\/www.geriges.com\\\/ec\\\/seguridad\\\/#breadcrumb\"},\"inLanguage\":\"es\",\"potentialAction\":[{\"@type\":\"ReadAction\",\"target\":[\"https:\\\/\\\/www.geriges.com\\\/ec\\\/seguridad\\\/\"]}]},{\"@type\":\"BreadcrumbList\",\"@id\":\"https:\\\/\\\/www.geriges.com\\\/ec\\\/seguridad\\\/#breadcrumb\",\"itemListElement\":[{\"@type\":\"ListItem\",\"position\":1,\"name\":\"Home\",\"item\":\"https:\\\/\\\/www.geriges.com\\\/ec\\\/\"},{\"@type\":\"ListItem\",\"position\":2,\"name\":\"Seguridad\"}]},{\"@type\":\"WebSite\",\"@id\":\"https:\\\/\\\/www.geriges.com\\\/ec\\\/#website\",\"url\":\"https:\\\/\\\/www.geriges.com\\\/ec\\\/\",\"name\":\"GERIGES.COM\",\"description\":\"Software de Gesti\u00f3n de Residencias y Centros de D\u00eda\",\"potentialAction\":[{\"@type\":\"SearchAction\",\"target\":{\"@type\":\"EntryPoint\",\"urlTemplate\":\"https:\\\/\\\/www.geriges.com\\\/ec\\\/?s={search_term_string}\"},\"query-input\":{\"@type\":\"PropertyValueSpecification\",\"valueRequired\":true,\"valueName\":\"search_term_string\"}}],\"inLanguage\":\"es\"}]}<\/script>\n<!-- \/ Yoast SEO plugin. -->","yoast_head_json":{"title":"Seguridad - GERIGES.COM","robots":{"index":"index","follow":"follow","max-snippet":"max-snippet:-1","max-image-preview":"max-image-preview:large","max-video-preview":"max-video-preview:-1"},"canonical":"https:\/\/www.geriges.com\/ec\/seguridad\/","og_locale":"es_ES","og_type":"article","og_title":"Seguridad - GERIGES.COM","og_url":"https:\/\/www.geriges.com\/ec\/seguridad\/","og_site_name":"GERIGES.COM","article_modified_time":"2020-11-06T09:19:54+00:00","twitter_card":"summary_large_image","twitter_misc":{"Tiempo de lectura":"14 minutos"},"schema":{"@context":"https:\/\/schema.org","@graph":[{"@type":"WebPage","@id":"https:\/\/www.geriges.com\/ec\/seguridad\/","url":"https:\/\/www.geriges.com\/ec\/seguridad\/","name":"Seguridad - GERIGES.COM","isPartOf":{"@id":"https:\/\/www.geriges.com\/ec\/#website"},"datePublished":"2020-10-07T17:29:19+00:00","dateModified":"2020-11-06T09:19:54+00:00","breadcrumb":{"@id":"https:\/\/www.geriges.com\/ec\/seguridad\/#breadcrumb"},"inLanguage":"es","potentialAction":[{"@type":"ReadAction","target":["https:\/\/www.geriges.com\/ec\/seguridad\/"]}]},{"@type":"BreadcrumbList","@id":"https:\/\/www.geriges.com\/ec\/seguridad\/#breadcrumb","itemListElement":[{"@type":"ListItem","position":1,"name":"Home","item":"https:\/\/www.geriges.com\/ec\/"},{"@type":"ListItem","position":2,"name":"Seguridad"}]},{"@type":"WebSite","@id":"https:\/\/www.geriges.com\/ec\/#website","url":"https:\/\/www.geriges.com\/ec\/","name":"GERIGES.COM","description":"Software de Gesti\u00f3n de Residencias y Centros de D\u00eda","potentialAction":[{"@type":"SearchAction","target":{"@type":"EntryPoint","urlTemplate":"https:\/\/www.geriges.com\/ec\/?s={search_term_string}"},"query-input":{"@type":"PropertyValueSpecification","valueRequired":true,"valueName":"search_term_string"}}],"inLanguage":"es"}]}},"_links":{"self":[{"href":"https:\/\/www.geriges.com\/ec\/wp-json\/wp\/v2\/pages\/5297","targetHints":{"allow":["GET"]}}],"collection":[{"href":"https:\/\/www.geriges.com\/ec\/wp-json\/wp\/v2\/pages"}],"about":[{"href":"https:\/\/www.geriges.com\/ec\/wp-json\/wp\/v2\/types\/page"}],"author":[{"embeddable":true,"href":"https:\/\/www.geriges.com\/ec\/wp-json\/wp\/v2\/users\/3479"}],"replies":[{"embeddable":true,"href":"https:\/\/www.geriges.com\/ec\/wp-json\/wp\/v2\/comments?post=5297"}],"version-history":[{"count":0,"href":"https:\/\/www.geriges.com\/ec\/wp-json\/wp\/v2\/pages\/5297\/revisions"}],"wp:attachment":[{"href":"https:\/\/www.geriges.com\/ec\/wp-json\/wp\/v2\/media?parent=5297"}],"curies":[{"name":"wp","href":"https:\/\/api.w.org\/{rel}","templated":true}]}}