{"id":3787,"date":"2020-09-30T11:02:52","date_gmt":"2020-09-30T09:02:52","guid":{"rendered":"https:\/\/www.geriges.com\/aviso-legal\/"},"modified":"2020-09-30T11:02:53","modified_gmt":"2020-09-30T09:02:53","slug":"aviso-legal","status":"publish","type":"page","link":"https:\/\/www.geriges.com\/cl\/aviso-legal\/","title":{"rendered":"Aviso Legal"},"content":{"rendered":"<div class=\"fusion-fullwidth fullwidth-box fusion-builder-row-1 fusion-flex-container nonhundred-percent-fullwidth non-hundred-percent-height-scrolling\" style=\"--awb-border-radius-top-left:0px;--awb-border-radius-top-right:0px;--awb-border-radius-bottom-right:0px;--awb-border-radius-bottom-left:0px;--awb-flex-wrap:wrap;\" ><div class=\"fusion-builder-row fusion-row fusion-flex-align-items-flex-start fusion-flex-content-wrap\" style=\"max-width:1216.8px;margin-left: calc(-4% \/ 2 );margin-right: calc(-4% \/ 2 );\"><div class=\"fusion-layout-column fusion_builder_column fusion-builder-column-0 fusion_builder_column_1_1 1_1 fusion-flex-column\" style=\"--awb-bg-size:cover;--awb-width-large:100%;--awb-margin-top-large:0px;--awb-spacing-right-large:1.92%;--awb-margin-bottom-large:20px;--awb-spacing-left-large:1.92%;--awb-width-medium:100%;--awb-order-medium:0;--awb-spacing-right-medium:1.92%;--awb-spacing-left-medium:1.92%;--awb-width-small:100%;--awb-order-small:0;--awb-spacing-right-small:1.92%;--awb-spacing-left-small:1.92%;\"><div class=\"fusion-column-wrapper fusion-column-has-shadow fusion-flex-justify-content-flex-start fusion-content-layout-column\"><div class=\"fusion-text fusion-text-1\"><p>De conformidad con la Ley Org\u00e1nica 15\/1999, de 13 de diciembre, de Protecci\u00f3n de Datos de Car\u00e1cter Personal, se informa de que los datos personales facilitados a trav\u00e9s de la p\u00e1gina web <a href=\"https:\/\/www.geriges.com\/cl\/\">www.geriges.com<\/a> se incorporar\u00e1n a un fichero automatizado del que es responsable Tecnolog\u00edas de Desarrollo Sociosanitario S.L., en adelante TDS,\u00a0con domicilio social en Espa\u00f1a, 05001-\u00c1vila, C\/Reyes Cat\u00f3licos, 6, Planta 1\u00aa-C con CIF: B05233994 ,\u00a0 para su tratamiento.<\/p>\n<p>El usuario autoriza el tratamiento automatizado de los datos personales que voluntariamente ha suministrado, para el acceso a alguno de los servicios del web site (contacto), y que son necesarios para la prestaci\u00f3n de dichos servicios, as\u00ed como para la oferta y eventual contrataci\u00f3n de otros productos y servicios de TDS. Los Datos Personales recogidos ser\u00e1n incorporados a los correspondientes ficheros titularidad de TDS.<\/p>\n<p>La informaci\u00f3n contenida en la citada base de datos es usada tanto para la correcta identificaci\u00f3n de los usuarios que solicitan servicios personalizados, como para la realizaci\u00f3n de estudios estad\u00edsticos de los usuarios registrados que permitan dise\u00f1ar mejoras en los servicios prestados, llevar a cabo tareas b\u00e1sicas de administraci\u00f3n y poder comunicar incidencias, ofertas o novedades a los usuarios registrados v\u00eda correo electr\u00f3nico.<\/p>\n<p>Como quiera que TDS\u00a0tiene intenci\u00f3n de remitir a sus usuarios registrados comunicaciones comerciales por medios tradicionales o por medios electr\u00f3nicos relativas a productos y servicios propios o de terceros, mediante la aceptaci\u00f3n de esta pol\u00edtica de privacidad el usuario autoriza expresamente a TDS\u00a0a remitirle comunicaciones comerciales, promocionales o publicitarias por correo electr\u00f3nico u otro medio de comunicaci\u00f3n electr\u00f3nica equivalente. Si el usuario no desea recibir comunicaciones comerciales, publicitarias o promocionales, cualquiera que sea el canal utilizado al efecto, puede comunicar gratuitamente su decisi\u00f3n a trav\u00e9s de los medios indicados para ejercer sus derechos. La aceptaci\u00f3n del usuario para que se remita informaci\u00f3n comercial tiene siempre car\u00e1cter revocable, sin efectos retroactivos.<\/p>\n<p>Cualquier usuario registrado puede en cualquier momento ejercer el derecho a acceder, rectificar y, en su caso, cancelar sus datos de car\u00e1cter personal suministrados mediante comunicaci\u00f3n escrita dirigida a Tecnolog\u00edas de Desarrollo Sociosanitario\u00a0S.L. , 05001-\u00c1vila, C\/Reyes Cat\u00f3licos, 6, con CIF: B05233994 o al correo <a title=\"Correo para ejercer el derecho de rectificaci\u00f3n\" href=\"mailto:info@geriges.com\">info@geriges.com<\/a>.<\/p>\n<p>TDS\u00a0le informa de que tiene implantadas las medidas de seguridad de \u00edndole t\u00e9cnica y organizativas necesarias que garanticen la seguridad de sus datos de car\u00e1cter personal y eviten su alteraci\u00f3n, p\u00e9rdida, tratamiento y\/o acceso no autorizado, habida cuenta del estado de la tecnolog\u00eda, la naturaleza de los datos almacenados y los riesgos a que est\u00e1n expuestos, ya provengan de la acci\u00f3n humana o del medio f\u00edsico o natural.<\/p>\n<p>TDS\u00a0registra la IP de los USUARIOS con fines estad\u00edsticos. La p\u00e1gina web no utiliza cookies ni cualquier otro medio de captaci\u00f3n de datos personales de los USUARIOS sin su consentimiento.<\/p>\n<p>El usuario responder\u00e1, en cualquier caso, de la veracidad de los datos facilitados, reserv\u00e1ndose TDS\u00a0el derecho a excluir de los servicios registrados a todo usuario que haya facilitado datos falsos, sin perjuicio de las dem\u00e1s acciones que procedan en Derecho.<\/p>\n<\/div><div class=\"fusion-separator fusion-full-width-sep\" style=\"align-self: center;margin-left: auto;margin-right: auto;width:100%;\"><\/div>\n<div class=\"table-2\">\n<table width=\"100%\">\n<thead>\n<tr>\n<th colspan=\"2\" align=\"center\"><strong>Informaci\u00f3n B\u00e1sica sobre Protecci\u00f3n de Datos<\/strong><\/th>\n<\/tr>\n<\/thead>\n<tbody>\n<tr>\n<td align=\"left\">Responsable<\/td>\n<td align=\"left\">Tecnolog\u00edas de Desarrollo Sociosanitario, SL. 05001 &#8211; \u00c1vila. Espa\u00f1a.<\/td>\n<\/tr>\n<tr>\n<td align=\"left\">Finalidad<\/td>\n<td align=\"left\">Gesti\u00f3n de la Suscripci\u00f3n.<\/td>\n<\/tr>\n<tr>\n<td align=\"left\">Legitimaci\u00f3n<\/td>\n<td align=\"left\">Ejecuci\u00f3n del Contrato de Servicio de Uso de la plataforma GERIGES.COM.<\/td>\n<\/tr>\n<tr>\n<td align=\"left\">Destinatarios<\/td>\n<td align=\"left\">No se ceder\u00e1n datos a terceros, salvo obligaci\u00f3n legal.<\/td>\n<\/tr>\n<tr>\n<td align=\"left\">Derechos<\/td>\n<td align=\"left\">Acceder, rectificar y suprimir los datos, as\u00ed como otros derechos como se explica en la p\u00e1gina de <a href=\"https:\/\/www.geriges.com\/privacidad\/\">Pol\u00edtica de Privacidad<\/a>.<\/td>\n<\/tr>\n<tr>\n<td align=\"left\">Informaci\u00f3n Adicional<\/td>\n<td align=\"left\">Puede consultar la informaci\u00f3n adicional y detallada sobre Protecci\u00f3n de Datos en la p\u00e1gina de <a href=\"https:\/\/www.geriges.com\/privacidad\/\">Pol\u00edtica de Privacidad<\/a>.<\/td>\n<\/tr>\n<\/tbody>\n<\/table>\n<\/div>\n<\/div><\/div><\/div><\/div>\n","protected":false},"excerpt":{"rendered":"","protected":false},"author":3479,"featured_media":0,"parent":0,"menu_order":0,"comment_status":"closed","ping_status":"closed","template":"","meta":{"footnotes":""},"class_list":["post-3787","page","type-page","status-publish","hentry"],"yoast_head":"<!-- This site is optimized with the Yoast SEO plugin v27.3 - https:\/\/yoast.com\/product\/yoast-seo-wordpress\/ -->\n<title>Aviso Legal - GERIGES.COM<\/title>\n<meta name=\"robots\" content=\"index, follow, max-snippet:-1, max-image-preview:large, max-video-preview:-1\" \/>\n<link rel=\"canonical\" href=\"https:\/\/www.geriges.com\/cl\/aviso-legal\/\" \/>\n<meta property=\"og:locale\" content=\"es_ES\" \/>\n<meta property=\"og:type\" content=\"article\" \/>\n<meta property=\"og:title\" content=\"Aviso Legal - GERIGES.COM\" \/>\n<meta property=\"og:url\" content=\"https:\/\/www.geriges.com\/cl\/aviso-legal\/\" \/>\n<meta property=\"og:site_name\" content=\"GERIGES.COM\" \/>\n<meta property=\"article:modified_time\" content=\"2020-09-30T09:02:53+00:00\" \/>\n<meta name=\"twitter:card\" content=\"summary_large_image\" \/>\n<meta name=\"twitter:label1\" content=\"Tiempo estimado de lectura\" \/>\n\t<meta name=\"twitter:data1\" content=\"7 minutos\" \/>\n<script type=\"application\/ld+json\" class=\"yoast-schema-graph\">{\"@context\":\"https:\\\/\\\/schema.org\",\"@graph\":[{\"@type\":\"WebPage\",\"@id\":\"https:\\\/\\\/www.geriges.com\\\/cl\\\/aviso-legal\\\/\",\"url\":\"https:\\\/\\\/www.geriges.com\\\/cl\\\/aviso-legal\\\/\",\"name\":\"Aviso Legal - GERIGES.COM\",\"isPartOf\":{\"@id\":\"https:\\\/\\\/www.geriges.com\\\/cl\\\/#website\"},\"datePublished\":\"2020-09-30T09:02:52+00:00\",\"dateModified\":\"2020-09-30T09:02:53+00:00\",\"breadcrumb\":{\"@id\":\"https:\\\/\\\/www.geriges.com\\\/cl\\\/aviso-legal\\\/#breadcrumb\"},\"inLanguage\":\"es-CL\",\"potentialAction\":[{\"@type\":\"ReadAction\",\"target\":[\"https:\\\/\\\/www.geriges.com\\\/cl\\\/aviso-legal\\\/\"]}]},{\"@type\":\"BreadcrumbList\",\"@id\":\"https:\\\/\\\/www.geriges.com\\\/cl\\\/aviso-legal\\\/#breadcrumb\",\"itemListElement\":[{\"@type\":\"ListItem\",\"position\":1,\"name\":\"Home\",\"item\":\"https:\\\/\\\/www.geriges.com\\\/cl\\\/\"},{\"@type\":\"ListItem\",\"position\":2,\"name\":\"Aviso Legal\"}]},{\"@type\":\"WebSite\",\"@id\":\"https:\\\/\\\/www.geriges.com\\\/cl\\\/#website\",\"url\":\"https:\\\/\\\/www.geriges.com\\\/cl\\\/\",\"name\":\"GERIGES.COM\",\"description\":\"Software de Gesti\u00f3n de Residencias y Centros de D\u00eda\",\"potentialAction\":[{\"@type\":\"SearchAction\",\"target\":{\"@type\":\"EntryPoint\",\"urlTemplate\":\"https:\\\/\\\/www.geriges.com\\\/cl\\\/?s={search_term_string}\"},\"query-input\":{\"@type\":\"PropertyValueSpecification\",\"valueRequired\":true,\"valueName\":\"search_term_string\"}}],\"inLanguage\":\"es-CL\"}]}<\/script>\n<!-- \/ Yoast SEO plugin. -->","yoast_head_json":{"title":"Aviso Legal - GERIGES.COM","robots":{"index":"index","follow":"follow","max-snippet":"max-snippet:-1","max-image-preview":"max-image-preview:large","max-video-preview":"max-video-preview:-1"},"canonical":"https:\/\/www.geriges.com\/cl\/aviso-legal\/","og_locale":"es_ES","og_type":"article","og_title":"Aviso Legal - GERIGES.COM","og_url":"https:\/\/www.geriges.com\/cl\/aviso-legal\/","og_site_name":"GERIGES.COM","article_modified_time":"2020-09-30T09:02:53+00:00","twitter_card":"summary_large_image","twitter_misc":{"Tiempo estimado de lectura":"7 minutos"},"schema":{"@context":"https:\/\/schema.org","@graph":[{"@type":"WebPage","@id":"https:\/\/www.geriges.com\/cl\/aviso-legal\/","url":"https:\/\/www.geriges.com\/cl\/aviso-legal\/","name":"Aviso Legal - GERIGES.COM","isPartOf":{"@id":"https:\/\/www.geriges.com\/cl\/#website"},"datePublished":"2020-09-30T09:02:52+00:00","dateModified":"2020-09-30T09:02:53+00:00","breadcrumb":{"@id":"https:\/\/www.geriges.com\/cl\/aviso-legal\/#breadcrumb"},"inLanguage":"es-CL","potentialAction":[{"@type":"ReadAction","target":["https:\/\/www.geriges.com\/cl\/aviso-legal\/"]}]},{"@type":"BreadcrumbList","@id":"https:\/\/www.geriges.com\/cl\/aviso-legal\/#breadcrumb","itemListElement":[{"@type":"ListItem","position":1,"name":"Home","item":"https:\/\/www.geriges.com\/cl\/"},{"@type":"ListItem","position":2,"name":"Aviso Legal"}]},{"@type":"WebSite","@id":"https:\/\/www.geriges.com\/cl\/#website","url":"https:\/\/www.geriges.com\/cl\/","name":"GERIGES.COM","description":"Software de Gesti\u00f3n de Residencias y Centros de D\u00eda","potentialAction":[{"@type":"SearchAction","target":{"@type":"EntryPoint","urlTemplate":"https:\/\/www.geriges.com\/cl\/?s={search_term_string}"},"query-input":{"@type":"PropertyValueSpecification","valueRequired":true,"valueName":"search_term_string"}}],"inLanguage":"es-CL"}]}},"_links":{"self":[{"href":"https:\/\/www.geriges.com\/cl\/wp-json\/wp\/v2\/pages\/3787","targetHints":{"allow":["GET"]}}],"collection":[{"href":"https:\/\/www.geriges.com\/cl\/wp-json\/wp\/v2\/pages"}],"about":[{"href":"https:\/\/www.geriges.com\/cl\/wp-json\/wp\/v2\/types\/page"}],"author":[{"embeddable":true,"href":"https:\/\/www.geriges.com\/cl\/wp-json\/wp\/v2\/users\/3479"}],"replies":[{"embeddable":true,"href":"https:\/\/www.geriges.com\/cl\/wp-json\/wp\/v2\/comments?post=3787"}],"version-history":[{"count":0,"href":"https:\/\/www.geriges.com\/cl\/wp-json\/wp\/v2\/pages\/3787\/revisions"}],"wp:attachment":[{"href":"https:\/\/www.geriges.com\/cl\/wp-json\/wp\/v2\/media?parent=3787"}],"curies":[{"name":"wp","href":"https:\/\/api.w.org\/{rel}","templated":true}]}}